{"id":47,"date":"2024-04-04T11:02:47","date_gmt":"2024-04-04T11:02:47","guid":{"rendered":"https:\/\/sonoris.hu\/?page_id=47"},"modified":"2024-04-07T10:49:47","modified_gmt":"2024-04-07T10:49:47","slug":"budapest-city-of-music","status":"publish","type":"page","link":"https:\/\/sonoris.hu\/en\/budapest-city-of-music\/","title":{"rendered":"City of music"},"content":{"rendered":"\n<h2>\n\t\t15 venues, uncountable experiences\n\t<\/h2>\n\t<p>In 2014, the <em>Zen\u00e9l\u0151 Budapest<\/em> (Budapest, City of Music) event series was launched on the initiative of N\u00e1ndor G\u00f6tz and B\u00e9la G\u00f6tz. This series brings to life 15 of Budapest&#8217;s most beautiful outdoor venues and historical squares each summer through the magic of music.<\/p>\n<h2>\n\t\tFrom the youngest to the eldest\n\t<\/h2>\n\t<p>The free concerts cater to all age groups with children&#8217;s, youth, and classical programs, along with interactive sessions using specially designed community instruments. What makes the concert series unique is that the programs at each location perfectly complement the character of the architectural masterpieces there.<\/p>\n<h2>\n\t\tThe concert series was realized with the support of the Ministry&nbsp;of&nbsp;Human&nbsp;Resources.\n\t<\/h2>\n<h2>\n\t\tOutstanding Ensembles\n\t<\/h2>\n\t<p>This free event series uniquely revives the capital&#8217;s history, its past and present culture, offering world-class productions every day of the week. The performers at <em>Zen\u00e9l\u0151 Budapest<\/em> include outstanding local orchestras assembled for the summer festival: musicians and soloists from<\/p>\nthe National Philharmonic,<br \/>\nthe Hungarian Radio Symphony Orchestra,<br \/>\nthe Opera House,<br \/>\nConcerto Budapest,<br \/>\nand the Budapest Festival Orchestra\n<p>appear together at these outdoor concerts.<\/p>\n<h2>\n\t\tIconic Locations\n\t<\/h2>\n\t<p>The audience can enjoy <em>Zen\u00e9l\u0151 Budapest<\/em>&#8216;s short mini-concerts in front of the Museum of Fine Arts, in the colonnade of the National Museum, at various points in V\u00e1rkert Bazaar and Buda Castle, on the terrace of the Hegyvid\u00e9k Cultural Salon, by the Music Fountain on Margaret Island, at Kossuth Square, in the Ludovika Campus\/Orczy Park, and on the outdoor stage of the House of Hungarian Music.<\/p>\n\n","protected":false},"excerpt":{"rendered":"<p>15 venues, uncountable experiences In 2014, the Zen\u00e9l\u0151 Budapest (Budapest, City of Music) event series was launched on the initiative of N\u00e1ndor G\u00f6tz and B\u00e9la G\u00f6tz. This series brings to life 15 of Budapest&#8217;s most beautiful outdoor venues and historical squares each summer through the magic of music. From the youngest to the eldest The [&hellip;]<\/p>\n","protected":false},"author":1,"featured_media":0,"parent":0,"menu_order":0,"comment_status":"closed","ping_status":"closed","template":"","meta":{"site-sidebar-layout":"default","site-content-layout":"","ast-site-content-layout":"","site-content-style":"default","site-sidebar-style":"default","ast-global-header-display":"","ast-banner-title-visibility":"","ast-main-header-display":"","ast-hfb-above-header-display":"","ast-hfb-below-header-display":"","ast-hfb-mobile-header-display":"","site-post-title":"disabled","ast-breadcrumbs-content":"","ast-featured-img":"","footer-sml-layout":"","theme-transparent-header-meta":"","adv-header-id-meta":"","stick-header-meta":"","header-above-stick-meta":"","header-main-stick-meta":"","header-below-stick-meta":"","astra-migrate-meta-layouts":"default","ast-page-background-enabled":"default","ast-page-background-meta":{"desktop":{"background-color":"var(--ast-global-color-4)","background-image":"","background-repeat":"repeat","background-position":"center center","background-size":"auto","background-attachment":"scroll","background-type":"","background-media":"","overlay-type":"","overlay-color":"","overlay-opacity":"","overlay-gradient":""},"tablet":{"background-color":"","background-image":"","background-repeat":"repeat","background-position":"center center","background-size":"auto","background-attachment":"scroll","background-type":"","background-media":"","overlay-type":"","overlay-color":"","overlay-opacity":"","overlay-gradient":""},"mobile":{"background-color":"","background-image":"","background-repeat":"repeat","background-position":"center center","background-size":"auto","background-attachment":"scroll","background-type":"","background-media":"","overlay-type":"","overlay-color":"","overlay-opacity":"","overlay-gradient":""}},"ast-content-background-meta":{"desktop":{"background-color":"var(--ast-global-color-5)","background-image":"","background-repeat":"repeat","background-position":"center center","background-size":"auto","background-attachment":"scroll","background-type":"","background-media":"","overlay-type":"","overlay-color":"","overlay-opacity":"","overlay-gradient":""},"tablet":{"background-color":"var(--ast-global-color-5)","background-image":"","background-repeat":"repeat","background-position":"center center","background-size":"auto","background-attachment":"scroll","background-type":"","background-media":"","overlay-type":"","overlay-color":"","overlay-opacity":"","overlay-gradient":""},"mobile":{"background-color":"var(--ast-global-color-5)","background-image":"","background-repeat":"repeat","background-position":"center center","background-size":"auto","background-attachment":"scroll","background-type":"","background-media":"","overlay-type":"","overlay-color":"","overlay-opacity":"","overlay-gradient":""}},"footnotes":""},"class_list":["post-47","page","type-page","status-publish","hentry"],"yoast_head":"<!-- This site is optimized with the Yoast SEO plugin v25.0 - https:\/\/yoast.com\/wordpress\/plugins\/seo\/ -->\n<title>City of music - Sonoris Art &amp; Media<\/title>\n<meta name=\"robots\" content=\"index, follow, max-snippet:-1, max-image-preview:large, max-video-preview:-1\" \/>\n<link rel=\"canonical\" href=\"https:\/\/sonoris.hu\/en\/budapest-city-of-music\/\" \/>\n<meta property=\"og:locale\" content=\"en_US\" \/>\n<meta property=\"og:type\" content=\"article\" \/>\n<meta property=\"og:title\" content=\"City of music - Sonoris Art &amp; Media\" \/>\n<meta property=\"og:description\" content=\"15 venues, uncountable experiences In 2014, the Zen\u00e9l\u0151 Budapest (Budapest, City of Music) event series was launched on the initiative of N\u00e1ndor G\u00f6tz and B\u00e9la G\u00f6tz. This series brings to life 15 of Budapest&#8217;s most beautiful outdoor venues and historical squares each summer through the magic of music. From the youngest to the eldest The [&hellip;]\" \/>\n<meta property=\"og:url\" content=\"https:\/\/sonoris.hu\/en\/budapest-city-of-music\/\" \/>\n<meta property=\"og:site_name\" content=\"Sonoris Art &amp; Media\" \/>\n<meta property=\"article:modified_time\" content=\"2024-04-07T10:49:47+00:00\" \/>\n<meta name=\"twitter:card\" content=\"summary_large_image\" \/>\n<meta name=\"twitter:label1\" content=\"Est. reading time\" \/>\n\t<meta name=\"twitter:data1\" content=\"5 minutes\" \/>\n<script type=\"application\/ld+json\" class=\"yoast-schema-graph\">{\"@context\":\"https:\/\/schema.org\",\"@graph\":[{\"@type\":\"WebPage\",\"@id\":\"https:\/\/sonoris.hu\/en\/budapest-city-of-music\/\",\"url\":\"https:\/\/sonoris.hu\/en\/budapest-city-of-music\/\",\"name\":\"City of music - Sonoris Art &amp; Media\",\"isPartOf\":{\"@id\":\"https:\/\/sonoris.hu\/en\/#website\"},\"datePublished\":\"2024-04-04T11:02:47+00:00\",\"dateModified\":\"2024-04-07T10:49:47+00:00\",\"breadcrumb\":{\"@id\":\"https:\/\/sonoris.hu\/en\/budapest-city-of-music\/#breadcrumb\"},\"inLanguage\":\"en-US\",\"potentialAction\":[{\"@type\":\"ReadAction\",\"target\":[\"https:\/\/sonoris.hu\/en\/budapest-city-of-music\/\"]}]},{\"@type\":\"BreadcrumbList\",\"@id\":\"https:\/\/sonoris.hu\/en\/budapest-city-of-music\/#breadcrumb\",\"itemListElement\":[{\"@type\":\"ListItem\",\"position\":1,\"name\":\"Home\",\"item\":\"https:\/\/sonoris.hu\/en\/\"},{\"@type\":\"ListItem\",\"position\":2,\"name\":\"City of music\"}]},{\"@type\":\"WebSite\",\"@id\":\"https:\/\/sonoris.hu\/en\/#website\",\"url\":\"https:\/\/sonoris.hu\/en\/\",\"name\":\"Sonoris Art &amp; Media\",\"description\":\"\",\"publisher\":{\"@id\":\"https:\/\/sonoris.hu\/en\/#organization\"},\"potentialAction\":[{\"@type\":\"SearchAction\",\"target\":{\"@type\":\"EntryPoint\",\"urlTemplate\":\"https:\/\/sonoris.hu\/en\/?s={search_term_string}\"},\"query-input\":{\"@type\":\"PropertyValueSpecification\",\"valueRequired\":true,\"valueName\":\"search_term_string\"}}],\"inLanguage\":\"en-US\"},{\"@type\":\"Organization\",\"@id\":\"https:\/\/sonoris.hu\/en\/#organization\",\"name\":\"Sonoris Art &amp; Media\",\"url\":\"https:\/\/sonoris.hu\/en\/\",\"logo\":{\"@type\":\"ImageObject\",\"inLanguage\":\"en-US\",\"@id\":\"https:\/\/sonoris.hu\/en\/#\/schema\/logo\/image\/\",\"url\":\"https:\/\/sonoris.hu\/wp-content\/uploads\/2024\/04\/logo.png\",\"contentUrl\":\"https:\/\/sonoris.hu\/wp-content\/uploads\/2024\/04\/logo.png\",\"width\":342,\"height\":148,\"caption\":\"Sonoris Art &amp; Media\"},\"image\":{\"@id\":\"https:\/\/sonoris.hu\/en\/#\/schema\/logo\/image\/\"}}]}<\/script>\n<!-- \/ Yoast SEO plugin. -->","yoast_head_json":{"title":"City of music - Sonoris Art &amp; Media","robots":{"index":"index","follow":"follow","max-snippet":"max-snippet:-1","max-image-preview":"max-image-preview:large","max-video-preview":"max-video-preview:-1"},"canonical":"https:\/\/sonoris.hu\/en\/budapest-city-of-music\/","og_locale":"en_US","og_type":"article","og_title":"City of music - Sonoris Art &amp; Media","og_description":"15 venues, uncountable experiences In 2014, the Zen\u00e9l\u0151 Budapest (Budapest, City of Music) event series was launched on the initiative of N\u00e1ndor G\u00f6tz and B\u00e9la G\u00f6tz. This series brings to life 15 of Budapest&#8217;s most beautiful outdoor venues and historical squares each summer through the magic of music. From the youngest to the eldest The [&hellip;]","og_url":"https:\/\/sonoris.hu\/en\/budapest-city-of-music\/","og_site_name":"Sonoris Art &amp; Media","article_modified_time":"2024-04-07T10:49:47+00:00","twitter_card":"summary_large_image","twitter_misc":{"Est. reading time":"5 minutes"},"schema":{"@context":"https:\/\/schema.org","@graph":[{"@type":"WebPage","@id":"https:\/\/sonoris.hu\/en\/budapest-city-of-music\/","url":"https:\/\/sonoris.hu\/en\/budapest-city-of-music\/","name":"City of music - Sonoris Art &amp; Media","isPartOf":{"@id":"https:\/\/sonoris.hu\/en\/#website"},"datePublished":"2024-04-04T11:02:47+00:00","dateModified":"2024-04-07T10:49:47+00:00","breadcrumb":{"@id":"https:\/\/sonoris.hu\/en\/budapest-city-of-music\/#breadcrumb"},"inLanguage":"en-US","potentialAction":[{"@type":"ReadAction","target":["https:\/\/sonoris.hu\/en\/budapest-city-of-music\/"]}]},{"@type":"BreadcrumbList","@id":"https:\/\/sonoris.hu\/en\/budapest-city-of-music\/#breadcrumb","itemListElement":[{"@type":"ListItem","position":1,"name":"Home","item":"https:\/\/sonoris.hu\/en\/"},{"@type":"ListItem","position":2,"name":"City of music"}]},{"@type":"WebSite","@id":"https:\/\/sonoris.hu\/en\/#website","url":"https:\/\/sonoris.hu\/en\/","name":"Sonoris Art &amp; Media","description":"","publisher":{"@id":"https:\/\/sonoris.hu\/en\/#organization"},"potentialAction":[{"@type":"SearchAction","target":{"@type":"EntryPoint","urlTemplate":"https:\/\/sonoris.hu\/en\/?s={search_term_string}"},"query-input":{"@type":"PropertyValueSpecification","valueRequired":true,"valueName":"search_term_string"}}],"inLanguage":"en-US"},{"@type":"Organization","@id":"https:\/\/sonoris.hu\/en\/#organization","name":"Sonoris Art &amp; Media","url":"https:\/\/sonoris.hu\/en\/","logo":{"@type":"ImageObject","inLanguage":"en-US","@id":"https:\/\/sonoris.hu\/en\/#\/schema\/logo\/image\/","url":"https:\/\/sonoris.hu\/wp-content\/uploads\/2024\/04\/logo.png","contentUrl":"https:\/\/sonoris.hu\/wp-content\/uploads\/2024\/04\/logo.png","width":342,"height":148,"caption":"Sonoris Art &amp; Media"},"image":{"@id":"https:\/\/sonoris.hu\/en\/#\/schema\/logo\/image\/"}}]}},"_links":{"self":[{"href":"https:\/\/sonoris.hu\/en\/wp-json\/wp\/v2\/pages\/47","targetHints":{"allow":["GET"]}}],"collection":[{"href":"https:\/\/sonoris.hu\/en\/wp-json\/wp\/v2\/pages"}],"about":[{"href":"https:\/\/sonoris.hu\/en\/wp-json\/wp\/v2\/types\/page"}],"author":[{"embeddable":true,"href":"https:\/\/sonoris.hu\/en\/wp-json\/wp\/v2\/users\/1"}],"replies":[{"embeddable":true,"href":"https:\/\/sonoris.hu\/en\/wp-json\/wp\/v2\/comments?post=47"}],"version-history":[{"count":16,"href":"https:\/\/sonoris.hu\/en\/wp-json\/wp\/v2\/pages\/47\/revisions"}],"predecessor-version":[{"id":249,"href":"https:\/\/sonoris.hu\/en\/wp-json\/wp\/v2\/pages\/47\/revisions\/249"}],"wp:attachment":[{"href":"https:\/\/sonoris.hu\/en\/wp-json\/wp\/v2\/media?parent=47"}],"curies":[{"name":"wp","href":"https:\/\/api.w.org\/{rel}","templated":true}]}}